{"id":51,"date":"2025-01-06T12:13:43","date_gmt":"2025-01-06T12:13:43","guid":{"rendered":"https:\/\/rey.cloud\/?page_id=51"},"modified":"2025-05-15T15:31:30","modified_gmt":"2025-05-15T15:31:30","slug":"impressum","status":"publish","type":"page","link":"https:\/\/rey.cloud\/?page_id=51","title":{"rendered":"Impressum \/ Imprint"},"content":{"rendered":"\n<p><strong>Impressum<\/strong><br>Angaben gem\u00e4\u00df \u00a7 5 TMG<\/p>\n\n\n\n<p><strong>Ruediger Rey<\/strong><br>Llnd3nstra\u00dfe l4<br>91083 Bai3rsd0rf<br>Deutschland<\/p>\n\n\n\n<p><strong>Kontakt:<\/strong><br>Telefon: +49 91E3 6o141o<br>E-Mail: contactme @ rey-germany.de<\/p>\n\n\n\n<p><strong>Verantwortlich f\u00fcr den Inhalt nach \u00a7 55 Abs. 2 RStV:<\/strong><br>Ruediger Rey<br>Llnd3nstra\u00dfe l4<br>91083 Bai3rsd0rf<br>Deutschland<\/p>\n\n\n\n<p><strong>Haftungsausschluss:<\/strong><br>Die Inhalte dieser Webseite wurden mit gr\u00f6\u00dfter Sorgfalt erstellt. F\u00fcr die Richtigkeit, Vollst\u00e4ndigkeit und Aktualit\u00e4t der Inhalte k\u00f6nnen wir jedoch keine Gew\u00e4hr \u00fcbernehmen.<\/p>\n\n\n\n<p><strong>Datenschutz:<\/strong><br>Informationen zum Datenschutz finden Sie in unserer [<a href=\"https:\/\/rey.cloud\/?page_id=53\" data-type=\"page\" data-id=\"53\">Datenschutzerkl\u00e4rung<\/a>].<\/p>\n","protected":false},"excerpt":{"rendered":"<p>ImpressumAngaben gem\u00e4\u00df \u00a7 5 TMG Ruediger ReyLlnd3nstra\u00dfe l491083 Bai3rsd0rfDeutschland Kontakt:Telefon: +49 91E3 6o141oE-Mail: contactme @ rey-germany.de Verantwortlich f\u00fcr den Inhalt nach \u00a7 55 Abs. 2 RStV:Ruediger ReyLlnd3nstra\u00dfe l491083 Bai3rsd0rfDeutschland Haftungsausschluss:Die Inhalte dieser Webseite wurden mit gr\u00f6\u00dfter Sorgfalt erstellt. F\u00fcr die Richtigkeit, Vollst\u00e4ndigkeit und Aktualit\u00e4t der Inhalte k\u00f6nnen wir jedoch keine Gew\u00e4hr \u00fcbernehmen. Datenschutz:Informationen zum Datenschutz &hellip; <\/p>\n<p class=\"link-more\"><a href=\"https:\/\/rey.cloud\/?page_id=51\" class=\"more-link\">Continue reading<span class=\"screen-reader-text\"> &#8220;Impressum \/ Imprint&#8221;<\/span><\/a><\/p>\n","protected":false},"author":1,"featured_media":0,"parent":0,"menu_order":0,"comment_status":"closed","ping_status":"closed","template":"","meta":{"footnotes":""},"class_list":["post-51","page","type-page","status-publish","hentry"],"_links":{"self":[{"href":"https:\/\/rey.cloud\/index.php?rest_route=\/wp\/v2\/pages\/51","targetHints":{"allow":["GET"]}}],"collection":[{"href":"https:\/\/rey.cloud\/index.php?rest_route=\/wp\/v2\/pages"}],"about":[{"href":"https:\/\/rey.cloud\/index.php?rest_route=\/wp\/v2\/types\/page"}],"author":[{"embeddable":true,"href":"https:\/\/rey.cloud\/index.php?rest_route=\/wp\/v2\/users\/1"}],"replies":[{"embeddable":true,"href":"https:\/\/rey.cloud\/index.php?rest_route=%2Fwp%2Fv2%2Fcomments&post=51"}],"version-history":[{"count":6,"href":"https:\/\/rey.cloud\/index.php?rest_route=\/wp\/v2\/pages\/51\/revisions"}],"predecessor-version":[{"id":114,"href":"https:\/\/rey.cloud\/index.php?rest_route=\/wp\/v2\/pages\/51\/revisions\/114"}],"wp:attachment":[{"href":"https:\/\/rey.cloud\/index.php?rest_route=%2Fwp%2Fv2%2Fmedia&parent=51"}],"curies":[{"name":"wp","href":"https:\/\/api.w.org\/{rel}","templated":true}]}}